{"id":306152,"date":"2021-06-24T08:19:57","date_gmt":"2021-06-24T07:19:57","guid":{"rendered":"https:\/\/www.hostettler.com\/?page_id=306152"},"modified":"2021-07-15T09:41:20","modified_gmt":"2021-07-15T08:41:20","slug":"sponsoringanfrage","status":"publish","type":"page","link":"https:\/\/www.hostettler.com\/fr\/hostettler-group\/sponsoring\/demandes-de-sponsoring\/sponsoringanfrage\/","title":{"rendered":"Demandes de sponsoring"},"content":{"rendered":"<p>Bonne journ\u00e9e<\/p>\n<p>Merci beaucoup de votre int\u00e9r\u00eat pour une coop\u00e9ration. Vous recevrez sous peu un courriel confirmant votre demande. Nous avons re\u00e7u votre demande et nous allons la v\u00e9rifier.<\/p>\n<p>Meilleures salutations<\/p>\n<p>hostettler group<br \/>\nSponsoring<br \/>\nHaldenmattstrasse 3<br \/>\n6210 Sursee<\/p>\n<p>&nbsp;<\/p>\n","protected":false},"excerpt":{"rendered":"<p>Bonne journ\u00e9e Merci beaucoup de votre int\u00e9r\u00eat pour une coop\u00e9ration. Vous recevrez sous peu un courriel confirmant votre demande. Nous avons re\u00e7u votre demande et nous allons la v\u00e9rifier. Meilleures salutations hostettler group Sponsoring Haldenmattstrasse 3 6210 Sursee &nbsp;<\/p>\n","protected":false},"author":5,"featured_media":0,"parent":306149,"menu_order":22,"comment_status":"closed","ping_status":"closed","template":"","meta":{"_acf_changed":false,"_genesis_hide_title":false,"_genesis_hide_breadcrumbs":false,"_genesis_hide_singular_image":false,"_genesis_hide_footer_widgets":false,"_genesis_custom_body_class":"","_genesis_custom_post_class":"","_genesis_layout":"","footnotes":""},"class_list":{"0":"post-306152","1":"page","2":"type-page","3":"status-publish","5":"entry"},"acf":[],"_links":{"self":[{"href":"https:\/\/www.hostettler.com\/fr\/wp-json\/wp\/v2\/pages\/306152","targetHints":{"allow":["GET"]}}],"collection":[{"href":"https:\/\/www.hostettler.com\/fr\/wp-json\/wp\/v2\/pages"}],"about":[{"href":"https:\/\/www.hostettler.com\/fr\/wp-json\/wp\/v2\/types\/page"}],"author":[{"embeddable":true,"href":"https:\/\/www.hostettler.com\/fr\/wp-json\/wp\/v2\/users\/5"}],"replies":[{"embeddable":true,"href":"https:\/\/www.hostettler.com\/fr\/wp-json\/wp\/v2\/comments?post=306152"}],"version-history":[{"count":0,"href":"https:\/\/www.hostettler.com\/fr\/wp-json\/wp\/v2\/pages\/306152\/revisions"}],"up":[{"embeddable":true,"href":"https:\/\/www.hostettler.com\/fr\/wp-json\/wp\/v2\/pages\/306149"}],"wp:attachment":[{"href":"https:\/\/www.hostettler.com\/fr\/wp-json\/wp\/v2\/media?parent=306152"}],"curies":[{"name":"wp","href":"https:\/\/api.w.org\/{rel}","templated":true}]}}