{"id":3186,"date":"2017-09-04T13:46:02","date_gmt":"2017-09-04T13:46:02","guid":{"rendered":"https:\/\/www.hostettler.com\/bicycles-sports\/"},"modified":"2024-05-14T09:06:54","modified_gmt":"2024-05-14T08:06:54","slug":"bicycles-sports","status":"publish","type":"page","link":"https:\/\/www.hostettler.com\/fr\/bicycles-sports\/","title":{"rendered":"bicycles &#038; sports"},"content":{"rendered":"<div class=\"is-style-roboto-bold\">\u00abbicycles &amp; sports\u00bb cultive la diversit\u00e9 dans l\u2019univers du cyclisme. Cette business unit conseille et livre les grossistes, d\u00e9taillants et clients finaux dans le domaine des v\u00eatements, des pi\u00e8ces d\u00e9tach\u00e9es et des accessoires.<\/div>\n<\/p>\n<p>Les entreprises de la business unit \u00ab bicycles &amp; sports \u00bb offrent \u00e0 leurs partenaires commerciaux et clients un suivi de premi\u00e8re qualit\u00e9 dans le lancement et la commercialisation de nouvelles marques et de nouveaux produits. Fortes d\u2019un r\u00e9seau de distribution B2B implant\u00e9 dans toute l\u2019Europe, de leurs canaux de distribution num\u00e9riques B2C et de leurs activit\u00e9s marketing int\u00e9grales, les entreprises de cette business unit sont des partenaires de confiance dot\u00e9s d\u2019un savoir-faire de longue date pour toutes les questions relatives au v\u00e9lo et au sport.<\/p>\n","protected":false},"excerpt":{"rendered":"<p>\u00abbicycles &amp; sports\u00bb cultive la diversit\u00e9 dans l\u2019univers du cyclisme. Cette business unit conseille et livre les grossistes, d\u00e9taillants et clients finaux dans le domaine des v\u00eatements, des pi\u00e8ces d\u00e9tach\u00e9es et des accessoires. Les entreprises de la business unit \u00ab bicycles &amp; sports \u00bb offrent \u00e0 leurs partenaires commerciaux et clients un suivi de premi\u00e8re [&hellip;]<\/p>\n","protected":false},"author":5,"featured_media":0,"parent":0,"menu_order":44,"comment_status":"closed","ping_status":"closed","template":"template-bicycles-sports.php","meta":{"_acf_changed":false,"_genesis_hide_title":false,"_genesis_hide_breadcrumbs":false,"_genesis_hide_singular_image":false,"_genesis_hide_footer_widgets":false,"_genesis_custom_body_class":"","_genesis_custom_post_class":"","_genesis_layout":"","footnotes":""},"class_list":{"0":"post-3186","1":"page","2":"type-page","3":"status-publish","5":"entry","6":"has-post-thumbnail"},"acf":[],"_links":{"self":[{"href":"https:\/\/www.hostettler.com\/fr\/wp-json\/wp\/v2\/pages\/3186","targetHints":{"allow":["GET"]}}],"collection":[{"href":"https:\/\/www.hostettler.com\/fr\/wp-json\/wp\/v2\/pages"}],"about":[{"href":"https:\/\/www.hostettler.com\/fr\/wp-json\/wp\/v2\/types\/page"}],"author":[{"embeddable":true,"href":"https:\/\/www.hostettler.com\/fr\/wp-json\/wp\/v2\/users\/5"}],"replies":[{"embeddable":true,"href":"https:\/\/www.hostettler.com\/fr\/wp-json\/wp\/v2\/comments?post=3186"}],"version-history":[{"count":0,"href":"https:\/\/www.hostettler.com\/fr\/wp-json\/wp\/v2\/pages\/3186\/revisions"}],"wp:attachment":[{"href":"https:\/\/www.hostettler.com\/fr\/wp-json\/wp\/v2\/media?parent=3186"}],"curies":[{"name":"wp","href":"https:\/\/api.w.org\/{rel}","templated":true}]}}