{"id":3221,"date":"2017-09-04T14:29:56","date_gmt":"2017-09-04T14:29:56","guid":{"rendered":"https:\/\/www.hostettler.com\/motorcycle\/"},"modified":"2024-05-14T15:50:33","modified_gmt":"2024-05-14T14:50:33","slug":"motorcycle","status":"publish","type":"page","link":"https:\/\/www.hostettler.com\/fr\/motorcycle\/","title":{"rendered":"motorcycles"},"content":{"rendered":"<div class=\"is-style-roboto-bold\">La business unit \u00ab motorcycles \u00bb se charge de l\u2019importation et de la vente des deux-roues motoris\u00e9s Yamaha aux clients finaux par l\u2019interm\u00e9diaire de concessionnaires et de filiales li\u00e9s \u00e0 l\u2019entreprise.<\/div>\n<\/p>\n<p><span style=\"color: #000000;\">hostettler importe les produits Yamaha en Suisse depuis 1968. Son r\u00e9seau de vente est compos\u00e9 de concessionnaires ind\u00e9pendants ainsi que le r\u00e9seau de filiales de hostettler moto ag compos\u00e9 de huit commerces de d\u00e9tail. Ce canal de vente interne comprend la filiale situ\u00e9e au si\u00e8ge du groupe hostettler \u00e0 Sursee et les autres sites \u00e0 Berne, Eschenbach SG, Lucerne, Fribourg, Sion, Zurich Sud et Zurich Nord. L\u2019offre est compl\u00e9t\u00e9e par des v\u00e9hicules utilitaires et de loisirs tels que les quads, les voitures de golf et les motoneiges.<\/span><\/p>\n<p><span style=\"color: #000000;\">L\u2019ensemble de la structure commerciale vise \u00e0 offrir aux clients le meilleur service possible, \u00e0 entretenir un contact continu avec eux et \u00e0 \u00e9tablir une relation \u00e0 long terme.<\/span><\/p>\n","protected":false},"excerpt":{"rendered":"<p>La business unit \u00ab motorcycles \u00bb se charge de l\u2019importation et de la vente des deux-roues motoris\u00e9s Yamaha aux clients finaux par l\u2019interm\u00e9diaire de concessionnaires et de filiales li\u00e9s \u00e0 l\u2019entreprise. hostettler importe les produits Yamaha en Suisse depuis 1968. Son r\u00e9seau de vente est compos\u00e9 de concessionnaires ind\u00e9pendants ainsi que le r\u00e9seau de filiales [&hellip;]<\/p>\n","protected":false},"author":5,"featured_media":0,"parent":0,"menu_order":52,"comment_status":"closed","ping_status":"closed","template":"template-motorcycle.php","meta":{"_acf_changed":false,"_genesis_hide_title":false,"_genesis_hide_breadcrumbs":false,"_genesis_hide_singular_image":false,"_genesis_hide_footer_widgets":false,"_genesis_custom_body_class":"","_genesis_custom_post_class":"","_genesis_layout":"","footnotes":""},"class_list":{"0":"post-3221","1":"page","2":"type-page","3":"status-publish","5":"entry","6":"has-post-thumbnail"},"acf":[],"_links":{"self":[{"href":"https:\/\/www.hostettler.com\/fr\/wp-json\/wp\/v2\/pages\/3221","targetHints":{"allow":["GET"]}}],"collection":[{"href":"https:\/\/www.hostettler.com\/fr\/wp-json\/wp\/v2\/pages"}],"about":[{"href":"https:\/\/www.hostettler.com\/fr\/wp-json\/wp\/v2\/types\/page"}],"author":[{"embeddable":true,"href":"https:\/\/www.hostettler.com\/fr\/wp-json\/wp\/v2\/users\/5"}],"replies":[{"embeddable":true,"href":"https:\/\/www.hostettler.com\/fr\/wp-json\/wp\/v2\/comments?post=3221"}],"version-history":[{"count":0,"href":"https:\/\/www.hostettler.com\/fr\/wp-json\/wp\/v2\/pages\/3221\/revisions"}],"wp:attachment":[{"href":"https:\/\/www.hostettler.com\/fr\/wp-json\/wp\/v2\/media?parent=3221"}],"curies":[{"name":"wp","href":"https:\/\/api.w.org\/{rel}","templated":true}]}}