{"id":3227,"date":"2018-01-04T10:32:46","date_gmt":"2018-01-04T09:32:46","guid":{"rendered":"https:\/\/www.hostettler.com\/hostettler-group\/events\/"},"modified":"2026-04-29T13:21:20","modified_gmt":"2026-04-29T12:21:20","slug":"evenements","status":"publish","type":"page","link":"https:\/\/www.hostettler.com\/fr\/hostettler-group\/evenements\/","title":{"rendered":"Ev\u00e9nements"},"content":{"rendered":"<a href=\"https:\/\/hoschidays.ch\/\" target=\"_blank\" rel=\"noopener\"><img loading=\"lazy\" decoding=\"async\" class=\"alignnone wp-image-2849846 size-full\" src=\"https:\/\/www.hostettler.com\/wp-content\/uploads\/2024\/02\/EV_Hoschi-Days-2024.webp\" alt=\"\" width=\"1200\" height=\"675\" srcset=\"https:\/\/www.hostettler.com\/wp-content\/uploads\/2024\/02\/EV_Hoschi-Days-2024.webp 1200w, https:\/\/www.hostettler.com\/wp-content\/uploads\/2024\/02\/EV_Hoschi-Days-2024-300x169.webp 300w, https:\/\/www.hostettler.com\/wp-content\/uploads\/2024\/02\/EV_Hoschi-Days-2024-1024x576.webp 1024w, https:\/\/www.hostettler.com\/wp-content\/uploads\/2024\/02\/EV_Hoschi-Days-2024-150x84.webp 150w, https:\/\/www.hostettler.com\/wp-content\/uploads\/2024\/02\/EV_Hoschi-Days-2024-768x432.webp 768w, https:\/\/www.hostettler.com\/wp-content\/uploads\/2024\/02\/EV_Hoschi-Days-2024-50x28.webp 50w, https:\/\/www.hostettler.com\/wp-content\/uploads\/2024\/02\/EV_Hoschi-Days-2024-178x100.webp 178w\" sizes=\"auto, (max-width: 1200px) 100vw, 1200px\" \/><\/a>\n<div class=\"is-style-roboto-bold\">\n<p>Sentez, voyez et d\u00e9couvrez tout ce que nos produits et services ont \u00e0 vous offrir. \u00c0 de nombreux \u00e9v\u00e9nements organis\u00e9s par hostettler group, nous vous permettons de d\u00e9couvrir des exp\u00e9riences, \u00e9motions et rencontres, ainsi qu\u2019un regard personnel sur nos produits et sur les personnes qui, avec passion, travaillent \u00e0 votre service.<\/p>\n<\/div>\n<p>Roulez, c\u00e9l\u00e9brez et partagez la m\u00eame passion avec des personnes ayant des int\u00e9r\u00eats communs et avec nos collaborateurs. Sur cette page, vous trouverez une liste de nos \u00e9v\u00e9nements pass\u00e9s et \u00e0 venir.<\/p>\n","protected":false},"excerpt":{"rendered":"<p>Sentez, voyez et d\u00e9couvrez tout ce que nos produits et services ont \u00e0 vous offrir. \u00c0 de nombreux \u00e9v\u00e9nements organis\u00e9s par hostettler group, nous vous permettons de d\u00e9couvrir des exp\u00e9riences, \u00e9motions et rencontres, ainsi qu\u2019un regard personnel sur nos produits et sur les personnes qui, avec passion, travaillent \u00e0 votre service. Roulez, c\u00e9l\u00e9brez et partagez [&hellip;]<\/p>\n","protected":false},"author":5,"featured_media":0,"parent":3224,"menu_order":79,"comment_status":"closed","ping_status":"closed","template":"template-events.php","meta":{"_acf_changed":false,"_genesis_hide_title":false,"_genesis_hide_breadcrumbs":false,"_genesis_hide_singular_image":false,"_genesis_hide_footer_widgets":false,"_genesis_custom_body_class":"","_genesis_custom_post_class":"","_genesis_layout":"content-sidebar","footnotes":""},"class_list":{"0":"post-3227","1":"page","2":"type-page","3":"status-publish","5":"entry","6":"has-post-thumbnail"},"acf":[],"_links":{"self":[{"href":"https:\/\/www.hostettler.com\/fr\/wp-json\/wp\/v2\/pages\/3227","targetHints":{"allow":["GET"]}}],"collection":[{"href":"https:\/\/www.hostettler.com\/fr\/wp-json\/wp\/v2\/pages"}],"about":[{"href":"https:\/\/www.hostettler.com\/fr\/wp-json\/wp\/v2\/types\/page"}],"author":[{"embeddable":true,"href":"https:\/\/www.hostettler.com\/fr\/wp-json\/wp\/v2\/users\/5"}],"replies":[{"embeddable":true,"href":"https:\/\/www.hostettler.com\/fr\/wp-json\/wp\/v2\/comments?post=3227"}],"version-history":[{"count":0,"href":"https:\/\/www.hostettler.com\/fr\/wp-json\/wp\/v2\/pages\/3227\/revisions"}],"up":[{"embeddable":true,"href":"https:\/\/www.hostettler.com\/fr\/wp-json\/wp\/v2\/pages\/3224"}],"wp:attachment":[{"href":"https:\/\/www.hostettler.com\/fr\/wp-json\/wp\/v2\/media?parent=3227"}],"curies":[{"name":"wp","href":"https:\/\/api.w.org\/{rel}","templated":true}]}}