{"id":3232,"date":"2017-09-22T13:14:52","date_gmt":"2017-09-22T12:14:52","guid":{"rendered":"https:\/\/www.hostettler.com\/hostettler-group\/kontakt\/"},"modified":"2024-05-14T15:49:08","modified_gmt":"2024-05-14T14:49:08","slug":"contact","status":"publish","type":"page","link":"https:\/\/www.hostettler.com\/fr\/hostettler-group\/contact\/","title":{"rendered":"Contact"},"content":{"rendered":"        <section class=\"hostettler-map\">\r\n            <div class=\"wrap\"><div id=\"filter-list\" class=\"list-filter\"><\/div><\/div>\r\n                <!--<div class=\"tabs\">\r\n                     <ul class=\"wrap horizontal\">\r\n                      <li><a id=\"map-trigger\" href=\"#map-view\"><i class=\"fa fa-map-marker\" aria-hidden=\"true\"><\/i> Map<\/a><\/li>\r\n                      <li><a href=\"#list-view\"><i class=\"fa fa-list\" aria-hidden=\"true\"><\/i> List<\/a><\/li>\r\n                    <\/ul> -->\r\n                <div id=\"map-view\" class=\"map-view\" role=\"tabpanel\">\r\n                    <div class=\"wrap\">\r\n                        <div id=\"search-box\" class=\"search-box\">\r\n                            <!-- <h4 class=\"search-shop-title\">Standortsuche<\/h4> -->\r\n                            <form id=\"search-shop\" method=\"post\">\r\n                                <div class=\"search-input\">\r\n                                    <input id=\"searchbox\" class=\"controls\" type=\"text\" placeholder=\"Lieu ou NPA\">\r\n                                    <input type=\"hidden\" id=\"store-id\" name=\"store-id\" value=\"\">\r\n                                <\/div>\r\n                                <!-- <div class=\"target-input\">\r\n                                    <button id=\"target-store\" class=\"tooltip-right\" data-tooltip=\"Bitte Ort oder PLZ eingeben\" type=\"submit\" value=\"Select\"><\/button>\r\n                                <\/div> -->\r\n                            <\/form>\r\n                        <\/div> <!-- wrap -->\r\n                    <\/div>\r\n                    <div id=\"map-canvas\" class=\"map-canvas\"><\/div>\r\n                <\/div>\r\n                <!-- <div id=\"list-view\" class=\"list-view\" role=\"tabpanel\"> -->\r\n                                    <!-- <\/div> -->\r\n              <!-- <\/div> -->\r\n\r\n        <\/section>\r\n\n<div class=\"is-style-roboto-bold\">Les entreprises et les partenaires de hostettler group sont pr\u00e9sents dans de nombreuses villes en Suisse, ainsi qu\u2019\u00e0 l\u2019\u00e9tranger et en ligne. Pour conna\u00eetre leurs adresses, coordonn\u00e9es et heures d\u2019ouverture sp\u00e9cifiques, veuillez consulter leur propre site web.<\/div>\n<\/p>\n<p><strong>Espaces commerciaux au si\u00e8ge principal de Sursee \/ LU<\/strong><\/p>\n<p><a href=\"https:\/\/www.hostettler-moto.ch\/\" target=\"_blank\" rel=\"noopener noreferrer\">hostettler moto ag<\/a> dispose d\u2019une surface commerciale de 3000 m\u00b2 enti\u00e8rement consacr\u00e9e au scooter et \u00e0 la moto. L\u2019int\u00e9gralit\u00e9 de la gamme <strong>Yamaha<\/strong> et les nombreux accessoires disponibles y sont expos\u00e9s en permanence. Une boutique offrant un large choix de v\u00eatements fonctionnels et de loisirs saura combler les demandes les plus diverses, qu\u2019il s\u2019agisse de casques, d\u2019accessoires techniques de la marque maison <strong>iXS<\/strong> ou la gamme qui comprend de grands noms de <strong>marques leaders<\/strong> dans ce secteur \u2013 de quoi s\u2019\u00e9quiper de la t\u00eate aux pieds.<\/p>\n<p><a href=\"https:\/\/www.hostettler-veloland.ch\" target=\"_blank\" rel=\"noopener noreferrer\">hostettler veloland gmbh<\/a> est le magasin sp\u00e9cialis\u00e9 pour v\u00e9los et v\u00e9los \u00e9lectriques. Une large flotte de v\u00e9los \u00e9lectriques des marques <strong>Wheeler<\/strong> et <strong>BIXS<\/strong> est \u00e0 disposition pour des essais.<\/p>\n\t<div class=\"gca-column one-third first\">\r\n\t\t<p>\r\n\t\t\t<strong>hostettler ag<\/strong><br\/>Si\u00e8ge principal<br\/>Haldenmattstrasse 3<br\/>6210 Sursee<br\/>Suisse<br\/><a href=\"tel:+41 41 926 61 11\">+41 41 926 61 11<\/a><br\/><a href=\"https:\/\/www.hostettler.com\" target=\"_blank\">www.hostettler.com<\/a><br\/><a href=\"mailto:info@hostettler.com\">info@hostettler.com<\/a>\t\t<\/p>\r\n\t<\/div>\r\n\t<div class=\"gca-column one-third\">\r\n\t\t<p>\r\n\t\t\t<strong>intercycle ag<\/strong><br\/>Si\u00e8ge principal<br\/>Pfrundmatte 3<br\/>6210 Sursee<br\/>Suisse<br\/><a href=\"tel:+41 41 926 65 11\">+41 41 926 65 11<\/a><br\/><a href=\"https:\/\/www.intercycle.com\" target=\"_blank\">www.intercycle.com<\/a><br\/><a href=\"mailto:info@intercycle.com\">info@intercycle.com<\/a>\t\t<\/p>\r\n\t<\/div>\r\n\t<div class=\"gca-column one-third\">\r\n\t\t<p>\r\n\t\t\t<strong>hostettler autotechnik ag<\/strong><br\/>Si\u00e8ge principal<br\/>Haldenmattstrasse 3<br\/>6210 Sursee<br\/>Suisse<br\/><a href=\"tel:+41 41 926 62 11\">+41 41 926 62 11<\/a><br\/><a href=\"https:\/\/www.autotechnik.ch\" target=\"_blank\">www.autotechnik.ch<\/a><br\/><a href=\"mailto:info@autotechnik.ch\">info@autotechnik.ch<\/a>\t\t<\/p>\r\n\t<\/div>\r\n\t<div class=\"gca-column one-third first\">\r\n\t\t<p>\r\n\t\t\t<strong>hostettler ag<\/strong><br\/><strong>Yamaha Motor Suisse<\/strong><br\/>Haldenmattstrasse 3<br\/>6210 Sursee<br\/>Suisse<br\/><a href=\"tel:+41 41 926 61 01\">+41 41 926 61 01<\/a><br\/><a href=\"http:\/\/www.yamaha-motor.ch\" target=\"_blank\">www.yamaha-motor.ch<\/a><br\/><a href=\"mailto:info@yamaha-motor.ch\">info@yamaha-motor.ch<\/a>\t\t<\/p>\r\n\t<\/div>\r\n\t<div class=\"gca-column one-third\">\r\n\t\t<p>\r\n\t\t\t<strong>hostettler gmbh<\/strong><br\/>Si\u00e8ge principal<br\/>Neuenburger Strasse 33<br\/>79379 M\u00fcllheim<br\/>Allemagne<br\/><a href=\"tel:+49 7631 1804-0\">+49 7631 1804-0<\/a><br\/><a href=\"http:\/\/www.hostettler.de\" target=\"_blank\">www.hostettler.de<\/a><br\/><a href=\"mailto:info@hostettler.de\">info@hostettler.de<\/a>\t\t<\/p>\r\n\t<\/div>\r\n\t<div class=\"gca-column one-third\">\r\n\t\t<p>\r\n\t\t\t<strong>iXS ag<\/strong><br\/>Si\u00e8ge principal<br\/>Haldenmattstrasse 3<br\/>6210 Sursee<br\/>Suisse<br\/><a href=\"tel:+41 41 926 65 85\">+41 41 926 65 85<\/a><br\/><a href=\"https:\/\/www.ixs.com\" target=\"_blank\">www.ixs.com<\/a><br\/><a href=\"mailto:info@ixs.com\">info@ixs.com<\/a>\t\t<\/p>\r\n\t<\/div>\r\n\t<div class=\"gca-column one-third first\">\r\n\t\t<p>\r\n\t\t\t<strong>Sports Nut GmbH<\/strong><br\/>Si\u00e8ge principal<br\/>Au-Ost 3\/1<br\/>72072 T\u00fcbingen<br\/>Allemagne<br\/><a href=\"tel:+49 7071 94669-40\">+49 7071 94669-40<\/a><br\/><a href=\"https:\/\/www.sports-nut.de\" target=\"_blank\">www.sports-nut.de<\/a><br\/><a href=\"mailto:contact@sports-nut.de\">contact@sports-nut.de<\/a>\t\t<\/p>\r\n\t<\/div>\r\n\t<div class=\"gca-column one-third\">\r\n\t\t<p>\r\n\t\t\t<strong>hostettler motoren ag<\/strong><br\/>Si\u00e8ge principal<br\/>Haldenmattstrasse 3<br\/>6210 Sursee<br\/>Suisse<br\/><a href=\"tel:+41 41 926 64 11\">+41 41 926 64 11<\/a><br\/><a href=\"https:\/\/www.hostettler-motoren.ch\" target=\"_blank\">www.hostettler-motoren.ch<\/a><br\/><a href=\"mailto:info@hostettler-motoren.ch\">info@hostettler-motoren.ch<\/a>\t\t<\/p>\r\n\t<\/div>\r\n\t<div class=\"gca-column one-third\">\r\n\t\t<p>\r\n\t\t\t<strong>hoco online gmbh<\/strong><br\/>Si\u00e8ge principal<br\/>Edisonstra\u00dfe 63 | Haus E, 1.OG<br\/>12459 Berlin<br\/>Allemagne<br\/><a href=\"tel:+49 30 9599811-30\">+49 30 9599811-30<\/a><br\/><a href=\"https:\/\/www.bike-mailorder.com\" target=\"_blank\">www.bike-mailorder.com<\/a><br\/><a href=\"mailto:feedback@bike-mailorder.de\">feedback@bike-mailorder.de<\/a>\t\t<\/p>\r\n\t<\/div>\r\n\t<div class=\"gca-column one-third first\">\r\n\t\t<p>\r\n\t\t\t<strong>hostettler moto ag<\/strong><br\/>Si\u00e8ge principal<br\/>Haldenmattstrasse 3<br\/>6210 Sursee<br\/>Suisse<br\/><a href=\"tel:+41 41 926 63 00\">+41 41 926 63 00<\/a><br\/><a href=\"https:\/\/www.hostettler-moto.ch\" target=\"_blank\">www.hostettler-moto.ch<\/a><br\/><a href=\"mailto:info@hostettler-moto.ch\">info@hostettler-moto.ch<\/a>\t\t<\/p>\r\n\t<\/div>\r\n\t<div class=\"gca-column one-third\">\r\n\t\t<p>\r\n\t\t\t<strong>hostettler veloland gmbh<\/strong><br\/>Magasin de d\u00e9tail<br\/>Bahnhofstrasse 25<br\/>6210 Sursee<br\/>Suisse<br\/><a href=\"tel:+41 41 926 62 81\">+41 41 926 62 81<\/a><br\/><a href=\"https:\/\/www.hostettler-veloland.ch\" target=\"_blank\">www.hostettler-veloland.ch<\/a><br\/><a href=\"mailto:info@hostettler-veloland.ch\">info@hostettler-veloland.ch<\/a>\t\t<\/p>\r\n\t<\/div>\r\n\n","protected":false},"excerpt":{"rendered":"<p>Les entreprises et les partenaires de hostettler group sont pr\u00e9sents dans de nombreuses villes en Suisse, ainsi qu\u2019\u00e0 l\u2019\u00e9tranger et en ligne. Pour conna\u00eetre leurs adresses, coordonn\u00e9es et heures d\u2019ouverture sp\u00e9cifiques, veuillez consulter leur propre site web. Espaces commerciaux au si\u00e8ge principal de Sursee \/ LU hostettler moto ag dispose d\u2019une surface commerciale de 3000 [&hellip;]<\/p>\n","protected":false},"author":5,"featured_media":0,"parent":3224,"menu_order":97,"comment_status":"closed","ping_status":"closed","template":"","meta":{"_acf_changed":false,"_genesis_hide_title":false,"_genesis_hide_breadcrumbs":false,"_genesis_hide_singular_image":false,"_genesis_hide_footer_widgets":false,"_genesis_custom_body_class":"","_genesis_custom_post_class":"","_genesis_layout":"content-sidebar","footnotes":""},"class_list":{"0":"post-3232","1":"page","2":"type-page","3":"status-publish","5":"entry","6":"has-post-thumbnail"},"acf":[],"_links":{"self":[{"href":"https:\/\/www.hostettler.com\/fr\/wp-json\/wp\/v2\/pages\/3232","targetHints":{"allow":["GET"]}}],"collection":[{"href":"https:\/\/www.hostettler.com\/fr\/wp-json\/wp\/v2\/pages"}],"about":[{"href":"https:\/\/www.hostettler.com\/fr\/wp-json\/wp\/v2\/types\/page"}],"author":[{"embeddable":true,"href":"https:\/\/www.hostettler.com\/fr\/wp-json\/wp\/v2\/users\/5"}],"replies":[{"embeddable":true,"href":"https:\/\/www.hostettler.com\/fr\/wp-json\/wp\/v2\/comments?post=3232"}],"version-history":[{"count":0,"href":"https:\/\/www.hostettler.com\/fr\/wp-json\/wp\/v2\/pages\/3232\/revisions"}],"up":[{"embeddable":true,"href":"https:\/\/www.hostettler.com\/fr\/wp-json\/wp\/v2\/pages\/3224"}],"wp:attachment":[{"href":"https:\/\/www.hostettler.com\/fr\/wp-json\/wp\/v2\/media?parent=3232"}],"curies":[{"name":"wp","href":"https:\/\/api.w.org\/{rel}","templated":true}]}}