{"id":33310,"date":"2017-09-22T13:13:46","date_gmt":"2017-09-22T12:13:46","guid":{"rendered":"http:\/\/www.hostettler.com\/?page_id=33310"},"modified":"2024-05-14T15:45:06","modified_gmt":"2024-05-14T14:45:06","slug":"berufsbildung","status":"publish","type":"page","link":"https:\/\/www.hostettler.com\/fr\/hostettler-group\/berufsbildung\/","title":{"rendered":"Formation professionnelle"},"content":{"rendered":"<p>&nbsp;<\/p>\n<div class=\"is-style-roboto-bold\">Les apprenties et apprentis sont notre avenir, chez hostettler group \u00e9galement. C&rsquo;est pourquoi l&rsquo;entreprise permet chaque ann\u00e9e \u00e0 des jeunes de faire leurs premiers pas dans le monde professionnel.<\/div>\n<\/p>\n<p>La palette des professions passionnantes qu&rsquo;il est possible d&rsquo;apprendre chez hostettler group est vaste: avec nous, tu peux devenir logisticienne, m\u00e9diamaticien, employ\u00e9e de commerce, m\u00e9canicien en motocycles, m\u00e9canicienne en cycles ou gestionnaire de commerce de d\u00e9tail. Toutes ces formations professionnelles sont ouvertes aux femmes comme aux hommes.<\/p>\n<p>Pas moins de 35 apprenties et apprentis sont actuellement en formation chez hostettler group. Chaque ann\u00e9e, une dizaine de personnes se lancent dans une formation professionnelle au sein de notre entreprise. Notre objectif est de transmettre des comp\u00e9tences et de former de nouveaux sp\u00e9cialistes. Pour hostettler group, assurer la formation professionnelle va de soi. Pour l&rsquo;entreprise, c&rsquo;est aussi un devoir envers la soci\u00e9t\u00e9.<\/p>\n<p>Prends ton avenir en main et postule chez nous pour effectuer ton apprentissage. Nous nous r\u00e9jouissons de recevoir ta candidature.<\/p>\n","protected":false},"excerpt":{"rendered":"<p>&nbsp; Les apprenties et apprentis sont notre avenir, chez hostettler group \u00e9galement. C&rsquo;est pourquoi l&rsquo;entreprise permet chaque ann\u00e9e \u00e0 des jeunes de faire leurs premiers pas dans le monde professionnel. La palette des professions passionnantes qu&rsquo;il est possible d&rsquo;apprendre chez hostettler group est vaste: avec nous, tu peux devenir logisticienne, m\u00e9diamaticien, employ\u00e9e de commerce, m\u00e9canicien [&hellip;]<\/p>\n","protected":false},"author":5,"featured_media":21396,"parent":3224,"menu_order":89,"comment_status":"closed","ping_status":"closed","template":"jobs-training.php","meta":{"_acf_changed":false,"_genesis_hide_title":false,"_genesis_hide_breadcrumbs":false,"_genesis_hide_singular_image":false,"_genesis_hide_footer_widgets":false,"_genesis_custom_body_class":"","_genesis_custom_post_class":"","_genesis_layout":"content-sidebar","footnotes":""},"class_list":{"0":"post-33310","1":"page","2":"type-page","3":"status-publish","4":"has-post-thumbnail","6":"entry"},"acf":[],"_links":{"self":[{"href":"https:\/\/www.hostettler.com\/fr\/wp-json\/wp\/v2\/pages\/33310","targetHints":{"allow":["GET"]}}],"collection":[{"href":"https:\/\/www.hostettler.com\/fr\/wp-json\/wp\/v2\/pages"}],"about":[{"href":"https:\/\/www.hostettler.com\/fr\/wp-json\/wp\/v2\/types\/page"}],"author":[{"embeddable":true,"href":"https:\/\/www.hostettler.com\/fr\/wp-json\/wp\/v2\/users\/5"}],"replies":[{"embeddable":true,"href":"https:\/\/www.hostettler.com\/fr\/wp-json\/wp\/v2\/comments?post=33310"}],"version-history":[{"count":0,"href":"https:\/\/www.hostettler.com\/fr\/wp-json\/wp\/v2\/pages\/33310\/revisions"}],"up":[{"embeddable":true,"href":"https:\/\/www.hostettler.com\/fr\/wp-json\/wp\/v2\/pages\/3224"}],"wp:featuredmedia":[{"embeddable":true,"href":"https:\/\/www.hostettler.com\/fr\/wp-json\/wp\/v2\/media\/21396"}],"wp:attachment":[{"href":"https:\/\/www.hostettler.com\/fr\/wp-json\/wp\/v2\/media?parent=33310"}],"curies":[{"name":"wp","href":"https:\/\/api.w.org\/{rel}","templated":true}]}}