{"id":3375,"date":"2018-01-04T10:33:07","date_gmt":"2018-01-04T09:33:07","guid":{"rendered":"https:\/\/www.hostettler.com\/hostettler-group\/sponsoring\/"},"modified":"2026-03-16T10:18:00","modified_gmt":"2026-03-16T09:18:00","slug":"sponsoring","status":"publish","type":"page","link":"https:\/\/www.hostettler.com\/fr\/hostettler-group\/sponsoring\/","title":{"rendered":"Sponsoring"},"content":{"rendered":"<img loading=\"lazy\" decoding=\"async\" class=\"alignnone wp-image-3993627 size-full\" src=\"https:\/\/www.hostettler.com\/wp-content\/uploads\/2026\/01\/SP_MX-Grosswangen_0126.webp\" alt=\"\" width=\"1200\" height=\"675\" srcset=\"https:\/\/www.hostettler.com\/wp-content\/uploads\/2026\/01\/SP_MX-Grosswangen_0126.webp 1200w, https:\/\/www.hostettler.com\/wp-content\/uploads\/2026\/01\/SP_MX-Grosswangen_0126-300x169.webp 300w, https:\/\/www.hostettler.com\/wp-content\/uploads\/2026\/01\/SP_MX-Grosswangen_0126-1024x576.webp 1024w, https:\/\/www.hostettler.com\/wp-content\/uploads\/2026\/01\/SP_MX-Grosswangen_0126-150x84.webp 150w, https:\/\/www.hostettler.com\/wp-content\/uploads\/2026\/01\/SP_MX-Grosswangen_0126-768x432.webp 768w, https:\/\/www.hostettler.com\/wp-content\/uploads\/2026\/01\/SP_MX-Grosswangen_0126-50x28.webp 50w, https:\/\/www.hostettler.com\/wp-content\/uploads\/2026\/01\/SP_MX-Grosswangen_0126-178x100.webp 178w\" sizes=\"auto, (max-width: 1200px) 100vw, 1200px\" \/>\n<div class=\"is-style-roboto-bold\">Dans le cadre de nos activit\u00e9s de sponsoring sportif, les entreprises de hostettler group soutiennent des personnes sur le plan individuel, ainsi que des \u00e9quipes et des organisateurs dans le sport de masse et le sport de haut niveau dans les secteurs \u00abMoto\u00bb et \u00abV\u00e9lo\u00bb.<\/div>\n<p>&nbsp;<br \/>\n\u00c0 travers le sponsoring, l\u2019objectif de hostettler group est d\u2019encourager les jeunes talents et de soutenir les athl\u00e8tes de haut niveau et les organisateurs. En \u00e9change, les b\u00e9n\u00e9ficiaires d\u00e9fendent les valeurs de nos marques et partagent notre passion pour nos produits avec les groupes cibles de hostettler group.<\/p>\n<p>Par le biais de ses marques YAMAHA et iXS, hostettler group soutient la moto de comp\u00e9tition nationale et internationale depuis plusieurs d\u00e9cennies, sur les circuits et en dehors des circuits. Depuis 30 ans, Yamaha est aussi le fournisseur officiel du service de s\u00e9curit\u00e9 \u00e0 moto du Tour de Suisse.<\/p>\n<p>Dans le domaine du cyclisme, intercycle ag sponsorise les \u00e9quipes de VTT dans les disciplines de cross-country, marathon et enduro par le biais de sa marque BiXS et de la gamme de produits import\u00e9s Wheeler. intercycle soutient aussi des athl\u00e8tes et des \u00e9quipes dans l\u2019exercice de leur discipline sportive \u00e0 travers de nombreuses marques d\u2019accessoires. Par exemple dans le downhill, le freeride, le slopestyle, le triathlon etc. Avec son enseigne BiXS, intercycle est aussi le fournisseur officiel de Swiss-Ski.<\/p>\n<p>Dans cette rubrique, nous vous informons sur les athl\u00e8tes, les moments forts, les initiatives, les dates et les actualit\u00e9s sur l\u2019engagement int\u00e9gral de hostettler group dans le sponsoring.<\/p>\n","protected":false},"excerpt":{"rendered":"<p>Dans le cadre de nos activit\u00e9s de sponsoring sportif, les entreprises de hostettler group soutiennent des personnes sur le plan individuel, ainsi que des \u00e9quipes et des organisateurs dans le sport de masse et le sport de haut niveau dans les secteurs \u00abMoto\u00bb et \u00abV\u00e9lo\u00bb. &nbsp; \u00c0 travers le sponsoring, l\u2019objectif de hostettler group est [&hellip;]<\/p>\n","protected":false},"author":5,"featured_media":0,"parent":3224,"menu_order":82,"comment_status":"closed","ping_status":"closed","template":"","meta":{"_acf_changed":false,"_genesis_hide_title":false,"_genesis_hide_breadcrumbs":false,"_genesis_hide_singular_image":false,"_genesis_hide_footer_widgets":false,"_genesis_custom_body_class":"","_genesis_custom_post_class":"","_genesis_layout":"content-sidebar","footnotes":""},"class_list":{"0":"post-3375","1":"page","2":"type-page","3":"status-publish","5":"entry","6":"has-post-thumbnail"},"acf":[],"_links":{"self":[{"href":"https:\/\/www.hostettler.com\/fr\/wp-json\/wp\/v2\/pages\/3375","targetHints":{"allow":["GET"]}}],"collection":[{"href":"https:\/\/www.hostettler.com\/fr\/wp-json\/wp\/v2\/pages"}],"about":[{"href":"https:\/\/www.hostettler.com\/fr\/wp-json\/wp\/v2\/types\/page"}],"author":[{"embeddable":true,"href":"https:\/\/www.hostettler.com\/fr\/wp-json\/wp\/v2\/users\/5"}],"replies":[{"embeddable":true,"href":"https:\/\/www.hostettler.com\/fr\/wp-json\/wp\/v2\/comments?post=3375"}],"version-history":[{"count":0,"href":"https:\/\/www.hostettler.com\/fr\/wp-json\/wp\/v2\/pages\/3375\/revisions"}],"up":[{"embeddable":true,"href":"https:\/\/www.hostettler.com\/fr\/wp-json\/wp\/v2\/pages\/3224"}],"wp:attachment":[{"href":"https:\/\/www.hostettler.com\/fr\/wp-json\/wp\/v2\/media?parent=3375"}],"curies":[{"name":"wp","href":"https:\/\/api.w.org\/{rel}","templated":true}]}}