{"id":3389,"date":"2017-11-24T14:49:58","date_gmt":"2017-11-24T13:49:58","guid":{"rendered":"https:\/\/www.hostettler.com\/hostettler-group\/geschichte\/"},"modified":"2024-02-02T13:44:38","modified_gmt":"2024-02-02T12:44:38","slug":"historique","status":"publish","type":"page","link":"https:\/\/www.hostettler.com\/fr\/hostettler-group\/historique\/","title":{"rendered":"Historique"},"content":{"rendered":"<div class=\"is-style-roboto-bold\">Avec une histoire de plus de 110 ans, les soci\u00e9t\u00e9s hostettler ont grandi et ont \u00e9t\u00e9 fa\u00e7onn\u00e9es dans le groupe hostettler. Un processus dynamique qui continue. Fid\u00e8le \u00e0 la devise \u00abhostettler keeps the wheels turning\u00bb.<\/div>\n","protected":false},"excerpt":{"rendered":"<p>Avec une histoire de plus de 110 ans, les soci\u00e9t\u00e9s hostettler ont grandi et ont \u00e9t\u00e9 fa\u00e7onn\u00e9es dans le groupe hostettler. Un processus dynamique qui continue. Fid\u00e8le \u00e0 la devise \u00abhostettler keeps the wheels turning\u00bb.<\/p>\n","protected":false},"author":5,"featured_media":0,"parent":3224,"menu_order":75,"comment_status":"closed","ping_status":"closed","template":"template-history.php","meta":{"_acf_changed":false,"_genesis_hide_title":false,"_genesis_hide_breadcrumbs":false,"_genesis_hide_singular_image":false,"_genesis_hide_footer_widgets":false,"_genesis_custom_body_class":"","_genesis_custom_post_class":"","_genesis_layout":"","footnotes":""},"class_list":{"0":"post-3389","1":"page","2":"type-page","3":"status-publish","5":"entry"},"acf":[],"_links":{"self":[{"href":"https:\/\/www.hostettler.com\/fr\/wp-json\/wp\/v2\/pages\/3389","targetHints":{"allow":["GET"]}}],"collection":[{"href":"https:\/\/www.hostettler.com\/fr\/wp-json\/wp\/v2\/pages"}],"about":[{"href":"https:\/\/www.hostettler.com\/fr\/wp-json\/wp\/v2\/types\/page"}],"author":[{"embeddable":true,"href":"https:\/\/www.hostettler.com\/fr\/wp-json\/wp\/v2\/users\/5"}],"replies":[{"embeddable":true,"href":"https:\/\/www.hostettler.com\/fr\/wp-json\/wp\/v2\/comments?post=3389"}],"version-history":[{"count":0,"href":"https:\/\/www.hostettler.com\/fr\/wp-json\/wp\/v2\/pages\/3389\/revisions"}],"up":[{"embeddable":true,"href":"https:\/\/www.hostettler.com\/fr\/wp-json\/wp\/v2\/pages\/3224"}],"wp:attachment":[{"href":"https:\/\/www.hostettler.com\/fr\/wp-json\/wp\/v2\/media?parent=3389"}],"curies":[{"name":"wp","href":"https:\/\/api.w.org\/{rel}","templated":true}]}}